{"id":35,"date":"2020-05-18T13:22:46","date_gmt":"2020-05-18T11:22:46","guid":{"rendered":"https:\/\/nowa.lingua-art.pl\/croatian\/?page_id=35"},"modified":"2024-06-25T13:54:21","modified_gmt":"2024-06-25T11:54:21","slug":"kontakt","status":"publish","type":"page","link":"https:\/\/lingua-art.pl\/croatian\/kontakt\/","title":{"rendered":"kontakt"},"content":{"rendered":"<div id=\"dslc-main\">\r\n\t\t\t<div  class=\"dslc-modules-section \" style=\"padding-top:45px;padding-bottom:45px;background-position:center center;background-size:cover;\" data-section-id=\"18001d37494\">\r\n\t\t\t\t\r\n\t\t\t\t\r\n\t\t\t\t<div class=\"dslc-modules-section-wrapper dslc-clearfix\"><div  class=\"dslc-modules-area dslc-col dslc-12-col dslc-last-col dslc-valign- \" data-size=\"12\" data-valign=\"\" data-modules-area-id=\"\" ><style type=\"text\/css\" id=\"dslca-modules-area-\"><\/style>\r\n\t\t<div id=\"dslc-module-a096bcf6d6e\" class=\"dslc-module-front dslc-module-DSLC_Info_Box dslc-in-viewport-check dslc-in-viewport-anim-none  dslc-col dslc-12-col dslc-last-col  dslc-module-handle-like-regular \" data-module-id=\"a096bcf6d6e\" data-module=\"DSLC_Info_Box\" data-dslc-module-size=\"12\" data-dslc-anim=\"none\" data-dslc-anim-delay=\"\" data-dslc-anim-duration=\"650\"  data-dslc-anim-easing=\"ease\" data-dslc-preset=\"none\" >\r\n\r\n\t\t\t\r\n\t\t\t\r\n\t\t\r\n\t\t\t<div class=\"dslc-info-box dslc-info-box-icon-pos-aside dslc-info-box-image-pos-aside\">\r\n\r\n\t\t\t\t<div class=\"dslc-info-box-wrapper\">\r\n\r\n\t\t\t\t\t\r\n\t\t\t\t\t<div class=\"dslc-info-box-main-wrap dslc-clearfix\">\r\n\r\n\t\t\t\t\t\t\r\n\t\t\t\t\t\t\r\n\t\t\t\t\t\t<div class=\"dslc-info-box-main\">\r\n\r\n\t\t\t\t\t\t\t\t\t\t\t\t\t\t\t<div class=\"dslc-info-box-title\">\r\n\t\t\t\t\t\t\t\t\t\t\t\t\t\t\t\t\t\t\t\t\t\t\t\t\t\t\t\t\t\t<h4 ><a href=\"https:\/\/broenergia.pl\/energia\/\"  target=\"_self\">Kontakt<\/a><\/h4>\r\n\t\t\t\t\t\t\t\t\t\t\t\t\t\t\t\t\t\t\t\t\t\t\t\t\t\t\t<\/div><!-- .dslc-info-box-title -->\r\n\t\t\t\t\t\t\t\r\n\t\t\t\t\t\t\t\r\n\t\t\t\t\t\t\t\r\n\t\t\t\t\t\t<\/div><!-- .dslc-info-box-main -->\r\n\r\n\t\t\t\t\t<\/div><!-- .dslc-info-box-main-wrap -->\r\n\r\n\t\t\t\t<\/div><!-- .dslc-info-box-wrapper -->\r\n\r\n\t\t\t<\/div><!-- .dslc-info-box -->\r\n\r\n\t\t\r\n\t\t\t\t<\/div><!-- .dslc-module -->\r\n\t\t\r\n\t\t<div id=\"dslc-module-25e687f886c\" class=\"dslc-module-front dslc-module-DSLC_Separator dslc-in-viewport-check dslc-in-viewport-anim-none  dslc-col dslc-12-col dslc-last-col  dslc-module-handle-like-regular \" data-module-id=\"25e687f886c\" data-module=\"DSLC_Separator\" data-dslc-module-size=\"12\" data-dslc-anim=\"none\" data-dslc-anim-delay=\"\" data-dslc-anim-duration=\"650\"  data-dslc-anim-easing=\"ease\" data-dslc-preset=\"none\" >\r\n\r\n\t\t\t\r\n\t\t\t\r\n\t\t\t\t\t<div class=\"dslc-separator-wrapper\">\n\t\t\t\t<div class=\"dslc-separator dslc-separator-style-invisible\">\n\t\t\t\t\t\t\t\t\t<\/div>\n\t\t\t\t<div><\/div>\n\t\t\t<\/div><!-- .dslc-separator-wrapper -->\n\t\t\t\r\n\t\t\t\t<\/div><!-- .dslc-module -->\r\n\t\t\r\n\t\t<div id=\"dslc-module-1c3aa6d1a6f\" class=\"dslc-module-front dslc-module-DSLC_Info_Box dslc-in-viewport-check dslc-in-viewport-anim-none  dslc-col dslc-4-col  dslc-module-handle-like-regular \" data-module-id=\"1c3aa6d1a6f\" data-module=\"DSLC_Info_Box\" data-dslc-module-size=\"4\" data-dslc-anim=\"none\" data-dslc-anim-delay=\"\" data-dslc-anim-duration=\"650\"  data-dslc-anim-easing=\"ease\" data-dslc-preset=\"none\" >\r\n\r\n\t\t\t\r\n\t\t\t\r\n\t\t\r\n\t\t\t<div class=\"dslc-info-box dslc-info-box-icon-pos-aside dslc-info-box-image-pos-aside\">\r\n\r\n\t\t\t\t<div class=\"dslc-info-box-wrapper\">\r\n\r\n\t\t\t\t\t\r\n\t\t\t\t\t<div class=\"dslc-info-box-main-wrap dslc-clearfix\">\r\n\r\n\t\t\t\t\t\t\r\n\t\t\t\t\t\t\t\t\t\t\t\t\t<div class=\"dslc-info-box-image-alt\">\r\n\t\t\t\t\t\t\t\t<div class=\"dslc-info-box-image-alt-inner\">\r\n\t\t\t\t\t\t\t\t\t\t\t\t\t\t\t\t\t\t\t<img src=\"https:\/\/lingua-art.pl\/croatian\/wp-content\/uploads\/sites\/3\/2020\/07\/firma.png\" alt=\"\" title=\"\">\r\n\t\t\t\t\t\t\t\t\t\t\t\t\t\t\t\t\t<\/div><!-- .dslc-info-box-image-alt-inner -->\r\n\t\t\t\t\t\t\t<\/div><!-- .dslc-info-box-image-alt -->\r\n\t\t\t\t\t\t\r\n\t\t\t\t\t\t<div class=\"dslc-info-box-main\">\r\n\r\n\t\t\t\t\t\t\t\r\n\t\t\t\t\t\t\t\t\t\t\t\t\t\t\t<div class=\"dslc-info-box-content\">\r\n\t\t\t\t\t\t\t\t\t\t\t\t\t\t\t\t\t\t\t<p>Marta Gmyrek-Kowalska<br>ul. Fatimska 21a<br>31-831 Krak\u00f3w<\/p>\t\t\t\t\t\t\t\t\t\t\t\t\t\t\t\t\t<\/div><!-- .dslc-info-box-content -->\r\n\t\t\t\t\t\t\t\r\n\t\t\t\t\t\t\t\r\n\t\t\t\t\t\t<\/div><!-- .dslc-info-box-main -->\r\n\r\n\t\t\t\t\t<\/div><!-- .dslc-info-box-main-wrap -->\r\n\r\n\t\t\t\t<\/div><!-- .dslc-info-box-wrapper -->\r\n\r\n\t\t\t<\/div><!-- .dslc-info-box -->\r\n\r\n\t\t\r\n\t\t\t\t<\/div><!-- .dslc-module -->\r\n\t\t\r\n\t\t<div id=\"dslc-module-b7d760169af\" class=\"dslc-module-front dslc-module-DSLC_Info_Box dslc-in-viewport-check dslc-in-viewport-anim-none  dslc-col dslc-4-col  dslc-module-handle-like-regular \" data-module-id=\"b7d760169af\" data-module=\"DSLC_Info_Box\" data-dslc-module-size=\"4\" data-dslc-anim=\"none\" data-dslc-anim-delay=\"\" data-dslc-anim-duration=\"650\"  data-dslc-anim-easing=\"ease\" data-dslc-preset=\"none\" >\r\n\r\n\t\t\t\r\n\t\t\t\r\n\t\t\r\n\t\t\t<div class=\"dslc-info-box dslc-info-box-icon-pos-aside dslc-info-box-image-pos-aside\">\r\n\r\n\t\t\t\t<div class=\"dslc-info-box-wrapper\">\r\n\r\n\t\t\t\t\t\r\n\t\t\t\t\t<div class=\"dslc-info-box-main-wrap dslc-clearfix\">\r\n\r\n\t\t\t\t\t\t\r\n\t\t\t\t\t\t\t\t\t\t\t\t\t<div class=\"dslc-info-box-image-alt\">\r\n\t\t\t\t\t\t\t\t<div class=\"dslc-info-box-image-alt-inner\">\r\n\t\t\t\t\t\t\t\t\t\t\t\t\t\t\t\t\t\t\t<img src=\"https:\/\/lingua-art.pl\/croatian\/wp-content\/uploads\/sites\/3\/2020\/07\/tel.png\" alt=\"\" title=\"\">\r\n\t\t\t\t\t\t\t\t\t\t\t\t\t\t\t\t\t<\/div><!-- .dslc-info-box-image-alt-inner -->\r\n\t\t\t\t\t\t\t<\/div><!-- .dslc-info-box-image-alt -->\r\n\t\t\t\t\t\t\r\n\t\t\t\t\t\t<div class=\"dslc-info-box-main\">\r\n\r\n\t\t\t\t\t\t\t\r\n\t\t\t\t\t\t\t\t\t\t\t\t\t\t\t<div class=\"dslc-info-box-content\">\r\n\t\t\t\t\t\t\t\t\t\t\t\t\t\t\t\t\t\t\t<p>mob.: <a href=\"tel:+48696152571\"><span style=\"text-decoration: underline; color: #0000ff;\">+48\/ 696-152-571<\/span><\/a><\/p>\t\t\t\t\t\t\t\t\t\t\t\t\t\t\t\t\t<\/div><!-- .dslc-info-box-content -->\r\n\t\t\t\t\t\t\t\r\n\t\t\t\t\t\t\t\r\n\t\t\t\t\t\t<\/div><!-- .dslc-info-box-main -->\r\n\r\n\t\t\t\t\t<\/div><!-- .dslc-info-box-main-wrap -->\r\n\r\n\t\t\t\t<\/div><!-- .dslc-info-box-wrapper -->\r\n\r\n\t\t\t<\/div><!-- .dslc-info-box -->\r\n\r\n\t\t\r\n\t\t\t\t<\/div><!-- .dslc-module -->\r\n\t\t\r\n\t\t<div id=\"dslc-module-129e1b4135d\" class=\"dslc-module-front dslc-module-DSLC_Info_Box dslc-in-viewport-check dslc-in-viewport-anim-none  dslc-col dslc-4-col dslc-last-col  dslc-module-handle-like-regular \" data-module-id=\"129e1b4135d\" data-module=\"DSLC_Info_Box\" data-dslc-module-size=\"4\" data-dslc-anim=\"none\" data-dslc-anim-delay=\"\" data-dslc-anim-duration=\"650\"  data-dslc-anim-easing=\"ease\" data-dslc-preset=\"none\" >\r\n\r\n\t\t\t\r\n\t\t\t\r\n\t\t\r\n\t\t\t<div class=\"dslc-info-box dslc-info-box-icon-pos-aside dslc-info-box-image-pos-aside\">\r\n\r\n\t\t\t\t<div class=\"dslc-info-box-wrapper\">\r\n\r\n\t\t\t\t\t\r\n\t\t\t\t\t<div class=\"dslc-info-box-main-wrap dslc-clearfix\">\r\n\r\n\t\t\t\t\t\t\r\n\t\t\t\t\t\t\t\t\t\t\t\t\t<div class=\"dslc-info-box-image-alt\">\r\n\t\t\t\t\t\t\t\t<div class=\"dslc-info-box-image-alt-inner\">\r\n\t\t\t\t\t\t\t\t\t\t\t\t\t\t\t\t\t\t\t<img src=\"https:\/\/lingua-art.pl\/croatian\/wp-content\/uploads\/sites\/3\/2020\/07\/e-mail.png\" alt=\"\" title=\"\">\r\n\t\t\t\t\t\t\t\t\t\t\t\t\t\t\t\t\t<\/div><!-- .dslc-info-box-image-alt-inner -->\r\n\t\t\t\t\t\t\t<\/div><!-- .dslc-info-box-image-alt -->\r\n\t\t\t\t\t\t\r\n\t\t\t\t\t\t<div class=\"dslc-info-box-main\">\r\n\r\n\t\t\t\t\t\t\t\r\n\t\t\t\t\t\t\t\t\t\t\t\t\t\t\t<div class=\"dslc-info-box-content\">\r\n\t\t\t\t\t\t\t\t\t\t\t\t\t\t\t\t\t\t\t<p>e-mail: <a href=\"mailto:kontakt@lingua-art.pl\"><span style=\"text-decoration: underline;\"><span style=\"color: #0000ff; text-decoration: underline;\">kontakt@lingua-art.pl<\/span><\/span><\/a><\/p>\t\t\t\t\t\t\t\t\t\t\t\t\t\t\t\t\t<\/div><!-- .dslc-info-box-content -->\r\n\t\t\t\t\t\t\t\r\n\t\t\t\t\t\t\t\r\n\t\t\t\t\t\t<\/div><!-- .dslc-info-box-main -->\r\n\r\n\t\t\t\t\t<\/div><!-- .dslc-info-box-main-wrap -->\r\n\r\n\t\t\t\t<\/div><!-- .dslc-info-box-wrapper -->\r\n\r\n\t\t\t<\/div><!-- .dslc-info-box -->\r\n\r\n\t\t\r\n\t\t\t\t<\/div><!-- .dslc-module -->\r\n\t\t\r\n\t\t<div id=\"dslc-module-ck5sbvlfi1g\" class=\"dslc-module-front dslc-module-DSLC_Info_Box dslc-in-viewport-check dslc-in-viewport-anim-none  dslc-col dslc-4-col  dslc-module-handle-like-regular \" data-module-id=\"ck5sbvlfi1g\" data-module=\"DSLC_Info_Box\" data-dslc-module-size=\"4\" data-dslc-anim=\"none\" data-dslc-anim-delay=\"\" data-dslc-anim-duration=\"650\"  data-dslc-anim-easing=\"ease\" data-dslc-preset=\"none\" >\r\n\r\n\t\t\t\r\n\t\t\t\r\n\t\t\r\n\t\t\t<div class=\"dslc-info-box dslc-info-box-icon-pos-aside dslc-info-box-image-pos-aside\">\r\n\r\n\t\t\t\t<div class=\"dslc-info-box-wrapper\">\r\n\r\n\t\t\t\t\t\r\n\t\t\t\t\t<div class=\"dslc-info-box-main-wrap dslc-clearfix\">\r\n\r\n\t\t\t\t\t\t\r\n\t\t\t\t\t\t\t\t\t\t\t\t\t<div class=\"dslc-info-box-image-alt\">\r\n\t\t\t\t\t\t\t\t<div class=\"dslc-info-box-image-alt-inner\">\r\n\t\t\t\t\t\t\t\t\t\t\t\t\t\t\t\t\t\t\t<img src=\"https:\/\/lingua-art.pl\/croatian\/wp-content\/uploads\/sites\/3\/2020\/07\/firma.png\" alt=\"\" title=\"\">\r\n\t\t\t\t\t\t\t\t\t\t\t\t\t\t\t\t\t<\/div><!-- .dslc-info-box-image-alt-inner -->\r\n\t\t\t\t\t\t\t<\/div><!-- .dslc-info-box-image-alt -->\r\n\t\t\t\t\t\t\r\n\t\t\t\t\t\t<div class=\"dslc-info-box-main\">\r\n\r\n\t\t\t\t\t\t\t\r\n\t\t\t\t\t\t\t\t\t\t\t\t\t\t\t<div class=\"dslc-info-box-content\">\r\n\t\t\t\t\t\t\t\t\t\t\t\t\t\t\t\t\t\t\t<p><strong>ured:<\/strong><br>ponedjeljak - petak 8.30-16.30<br>Aleja Pokoju 1<br>31-548 Krak\u00f3w<br>ured REGUS, 11. kat<\/p>\t\t\t\t\t\t\t\t\t\t\t\t\t\t\t\t\t<\/div><!-- .dslc-info-box-content -->\r\n\t\t\t\t\t\t\t\r\n\t\t\t\t\t\t\t\r\n\t\t\t\t\t\t<\/div><!-- .dslc-info-box-main -->\r\n\r\n\t\t\t\t\t<\/div><!-- .dslc-info-box-main-wrap -->\r\n\r\n\t\t\t\t<\/div><!-- .dslc-info-box-wrapper -->\r\n\r\n\t\t\t<\/div><!-- .dslc-info-box -->\r\n\r\n\t\t\r\n\t\t\t\t<\/div><!-- .dslc-module -->\r\n\t\t\r\n\t\t<div id=\"dslc-module-m1u6r6gp138\" class=\"dslc-module-front dslc-module-DSLC_Info_Box dslc-in-viewport-check dslc-in-viewport-anim-none  dslc-col dslc-4-col  dslc-module-handle-like-regular \" data-module-id=\"m1u6r6gp138\" data-module=\"DSLC_Info_Box\" data-dslc-module-size=\"4\" data-dslc-anim=\"none\" data-dslc-anim-delay=\"\" data-dslc-anim-duration=\"650\"  data-dslc-anim-easing=\"ease\" data-dslc-preset=\"none\" >\r\n\r\n\t\t\t\r\n\t\t\t\r\n\t\t\r\n\t\t\t<div class=\"dslc-info-box dslc-info-box-icon-pos-aside dslc-info-box-image-pos-aside\">\r\n\r\n\t\t\t\t<div class=\"dslc-info-box-wrapper\">\r\n\r\n\t\t\t\t\t\r\n\t\t\t\t\t<div class=\"dslc-info-box-main-wrap dslc-clearfix\">\r\n\r\n\t\t\t\t\t\t\r\n\t\t\t\t\t\t\t\t\t\t\t\t\t<div class=\"dslc-info-box-image-alt\">\r\n\t\t\t\t\t\t\t\t<div class=\"dslc-info-box-image-alt-inner\">\r\n\t\t\t\t\t\t\t\t\t\t\t\t\t\t\t\t\t\t\t<img src=\"https:\/\/lingua-art.pl\/croatian\/wp-content\/uploads\/sites\/3\/2020\/07\/tel.png\" alt=\"\" title=\"\">\r\n\t\t\t\t\t\t\t\t\t\t\t\t\t\t\t\t\t<\/div><!-- .dslc-info-box-image-alt-inner -->\r\n\t\t\t\t\t\t\t<\/div><!-- .dslc-info-box-image-alt -->\r\n\t\t\t\t\t\t\r\n\t\t\t\t\t\t<div class=\"dslc-info-box-main\">\r\n\r\n\t\t\t\t\t\t\t\r\n\t\t\t\t\t\t\t\t\t\t\t\t\t\t\t<div class=\"dslc-info-box-content\">\r\n\t\t\t\t\t\t\t\t\t\t\t\t\t\t\t\t\t\t\t<p><span style=\"color: #0000ff;\">We speak English!\u00a0<\/span><\/p><p><img class=\"alignnone  wp-image-193\" src=\"https:\/\/lingua-art.pl\/croatian\/wp-content\/uploads\/sites\/3\/2025\/03\/Bez-nazwy-300x150.png\" alt=\"translation CRO - PL\" width=\"94\" height=\"47\"><\/p>\t\t\t\t\t\t\t\t\t\t\t\t\t\t\t\t\t<\/div><!-- .dslc-info-box-content -->\r\n\t\t\t\t\t\t\t\r\n\t\t\t\t\t\t\t\r\n\t\t\t\t\t\t<\/div><!-- .dslc-info-box-main -->\r\n\r\n\t\t\t\t\t<\/div><!-- .dslc-info-box-main-wrap -->\r\n\r\n\t\t\t\t<\/div><!-- .dslc-info-box-wrapper -->\r\n\r\n\t\t\t<\/div><!-- .dslc-info-box -->\r\n\r\n\t\t\r\n\t\t\t\t<\/div><!-- .dslc-module -->\r\n\t\t<\/div><\/div><\/div><\/div>","protected":false},"excerpt":{"rendered":"<p>Kontakt Marta Gmyrek-Kowalskaul. Fatimska 21a31-831 Krak\u00f3w mob.: +48\/ 696-152-571 e-mail: kontakt@lingua-art.pl ured:ponedjeljak - petak 8.30-16.30Aleja Pokoju 131-548 Krak\u00f3wured REGUS, 11. kat We speak English!\u00a0<\/p>\n","protected":false},"author":1,"featured_media":0,"parent":0,"menu_order":0,"comment_status":"closed","ping_status":"closed","template":"","meta":{"footnotes":""},"class_list":["post-35","page","type-page","status-publish","hentry"],"yoast_head":"<!-- This site is optimized with the Yoast SEO plugin v27.5 - https:\/\/yoast.com\/product\/yoast-seo-wordpress\/ -->\n<title>kontakt - Marta Gmyrek-Kowalska | Sudski tuma\u010d hrvatskog i bugarskog jezika<\/title>\n<meta name=\"description\" content=\"Pro\u010ditajte kako se mo\u017eemo susresti i kako Vam mogu pomo\u0107i kao sudski tuma\u010d u Krakovu.\" \/>\n<meta name=\"robots\" content=\"index, follow, max-snippet:-1, max-image-preview:large, max-video-preview:-1\" \/>\n<link rel=\"canonical\" href=\"https:\/\/lingua-art.pl\/croatian\/kontakt\/\" \/>\n<meta property=\"og:locale\" content=\"hr_HR\" \/>\n<meta property=\"og:type\" content=\"article\" \/>\n<meta property=\"og:title\" content=\"kontakt - Marta Gmyrek-Kowalska | Sudski tuma\u010d hrvatskog i bugarskog jezika\" \/>\n<meta property=\"og:description\" content=\"Pro\u010ditajte kako se mo\u017eemo susresti i kako Vam mogu pomo\u0107i kao sudski tuma\u010d u Krakovu.\" \/>\n<meta property=\"og:url\" content=\"https:\/\/lingua-art.pl\/croatian\/kontakt\/\" \/>\n<meta property=\"og:site_name\" content=\"Marta Gmyrek-Kowalska | Sudski tuma\u010d hrvatskog i bugarskog jezika\" \/>\n<meta property=\"article:modified_time\" content=\"2024-06-25T11:54:21+00:00\" \/>\n<meta name=\"twitter:card\" content=\"summary_large_image\" \/>\n<meta name=\"twitter:label1\" content=\"Procijenjeno vrijeme \u010ditanja\" \/>\n\t<meta name=\"twitter:data1\" content=\"1 minuta\" \/>\n<script type=\"application\/ld+json\" class=\"yoast-schema-graph\">{\"@context\":\"https:\\\/\\\/schema.org\",\"@graph\":[{\"@type\":\"WebPage\",\"@id\":\"https:\\\/\\\/lingua-art.pl\\\/croatian\\\/kontakt\\\/\",\"url\":\"https:\\\/\\\/lingua-art.pl\\\/croatian\\\/kontakt\\\/\",\"name\":\"kontakt - Marta Gmyrek-Kowalska | Sudski tuma\u010d hrvatskog i bugarskog jezika\",\"isPartOf\":{\"@id\":\"https:\\\/\\\/lingua-art.pl\\\/croatian\\\/#website\"},\"primaryImageOfPage\":{\"@id\":\"https:\\\/\\\/lingua-art.pl\\\/croatian\\\/kontakt\\\/#primaryimage\"},\"image\":{\"@id\":\"https:\\\/\\\/lingua-art.pl\\\/croatian\\\/kontakt\\\/#primaryimage\"},\"thumbnailUrl\":\"https:\\\/\\\/lingua-art.pl\\\/croatian\\\/wp-content\\\/uploads\\\/sites\\\/3\\\/2020\\\/07\\\/firma.png\",\"datePublished\":\"2020-05-18T11:22:46+00:00\",\"dateModified\":\"2024-06-25T11:54:21+00:00\",\"description\":\"Pro\u010ditajte kako se mo\u017eemo susresti i kako Vam mogu pomo\u0107i kao sudski tuma\u010d u Krakovu.\",\"breadcrumb\":{\"@id\":\"https:\\\/\\\/lingua-art.pl\\\/croatian\\\/kontakt\\\/#breadcrumb\"},\"inLanguage\":\"hr\",\"potentialAction\":[{\"@type\":\"ReadAction\",\"target\":[\"https:\\\/\\\/lingua-art.pl\\\/croatian\\\/kontakt\\\/\"]}]},{\"@type\":\"ImageObject\",\"inLanguage\":\"hr\",\"@id\":\"https:\\\/\\\/lingua-art.pl\\\/croatian\\\/kontakt\\\/#primaryimage\",\"url\":\"https:\\\/\\\/lingua-art.pl\\\/croatian\\\/wp-content\\\/uploads\\\/sites\\\/3\\\/2020\\\/07\\\/firma.png\",\"contentUrl\":\"https:\\\/\\\/lingua-art.pl\\\/croatian\\\/wp-content\\\/uploads\\\/sites\\\/3\\\/2020\\\/07\\\/firma.png\",\"width\":38,\"height\":27},{\"@type\":\"BreadcrumbList\",\"@id\":\"https:\\\/\\\/lingua-art.pl\\\/croatian\\\/kontakt\\\/#breadcrumb\",\"itemListElement\":[{\"@type\":\"ListItem\",\"position\":1,\"name\":\"Strona g\u0142\u00f3wna\",\"item\":\"https:\\\/\\\/lingua-art.pl\\\/croatian\\\/\"},{\"@type\":\"ListItem\",\"position\":2,\"name\":\"kontakt\"}]},{\"@type\":\"WebSite\",\"@id\":\"https:\\\/\\\/lingua-art.pl\\\/croatian\\\/#website\",\"url\":\"https:\\\/\\\/lingua-art.pl\\\/croatian\\\/\",\"name\":\"Marta Gmyrek-Kowalska | Sudski tuma\u010d hrvatskog i bugarskog jezika\",\"description\":\"Kolejna witryna oparta na WordPressie\",\"potentialAction\":[{\"@type\":\"SearchAction\",\"target\":{\"@type\":\"EntryPoint\",\"urlTemplate\":\"https:\\\/\\\/lingua-art.pl\\\/croatian\\\/?s={search_term_string}\"},\"query-input\":{\"@type\":\"PropertyValueSpecification\",\"valueRequired\":true,\"valueName\":\"search_term_string\"}}],\"inLanguage\":\"hr\"}]}<\/script>\n<!-- \/ Yoast SEO plugin. -->","yoast_head_json":{"title":"kontakt - Marta Gmyrek-Kowalska | Sudski tuma\u010d hrvatskog i bugarskog jezika","description":"Pro\u010ditajte kako se mo\u017eemo susresti i kako Vam mogu pomo\u0107i kao sudski tuma\u010d u Krakovu.","robots":{"index":"index","follow":"follow","max-snippet":"max-snippet:-1","max-image-preview":"max-image-preview:large","max-video-preview":"max-video-preview:-1"},"canonical":"https:\/\/lingua-art.pl\/croatian\/kontakt\/","og_locale":"hr_HR","og_type":"article","og_title":"kontakt - Marta Gmyrek-Kowalska | Sudski tuma\u010d hrvatskog i bugarskog jezika","og_description":"Pro\u010ditajte kako se mo\u017eemo susresti i kako Vam mogu pomo\u0107i kao sudski tuma\u010d u Krakovu.","og_url":"https:\/\/lingua-art.pl\/croatian\/kontakt\/","og_site_name":"Marta Gmyrek-Kowalska | Sudski tuma\u010d hrvatskog i bugarskog jezika","article_modified_time":"2024-06-25T11:54:21+00:00","twitter_card":"summary_large_image","twitter_misc":{"Procijenjeno vrijeme \u010ditanja":"1 minuta"},"schema":{"@context":"https:\/\/schema.org","@graph":[{"@type":"WebPage","@id":"https:\/\/lingua-art.pl\/croatian\/kontakt\/","url":"https:\/\/lingua-art.pl\/croatian\/kontakt\/","name":"kontakt - Marta Gmyrek-Kowalska | Sudski tuma\u010d hrvatskog i bugarskog jezika","isPartOf":{"@id":"https:\/\/lingua-art.pl\/croatian\/#website"},"primaryImageOfPage":{"@id":"https:\/\/lingua-art.pl\/croatian\/kontakt\/#primaryimage"},"image":{"@id":"https:\/\/lingua-art.pl\/croatian\/kontakt\/#primaryimage"},"thumbnailUrl":"https:\/\/lingua-art.pl\/croatian\/wp-content\/uploads\/sites\/3\/2020\/07\/firma.png","datePublished":"2020-05-18T11:22:46+00:00","dateModified":"2024-06-25T11:54:21+00:00","description":"Pro\u010ditajte kako se mo\u017eemo susresti i kako Vam mogu pomo\u0107i kao sudski tuma\u010d u Krakovu.","breadcrumb":{"@id":"https:\/\/lingua-art.pl\/croatian\/kontakt\/#breadcrumb"},"inLanguage":"hr","potentialAction":[{"@type":"ReadAction","target":["https:\/\/lingua-art.pl\/croatian\/kontakt\/"]}]},{"@type":"ImageObject","inLanguage":"hr","@id":"https:\/\/lingua-art.pl\/croatian\/kontakt\/#primaryimage","url":"https:\/\/lingua-art.pl\/croatian\/wp-content\/uploads\/sites\/3\/2020\/07\/firma.png","contentUrl":"https:\/\/lingua-art.pl\/croatian\/wp-content\/uploads\/sites\/3\/2020\/07\/firma.png","width":38,"height":27},{"@type":"BreadcrumbList","@id":"https:\/\/lingua-art.pl\/croatian\/kontakt\/#breadcrumb","itemListElement":[{"@type":"ListItem","position":1,"name":"Strona g\u0142\u00f3wna","item":"https:\/\/lingua-art.pl\/croatian\/"},{"@type":"ListItem","position":2,"name":"kontakt"}]},{"@type":"WebSite","@id":"https:\/\/lingua-art.pl\/croatian\/#website","url":"https:\/\/lingua-art.pl\/croatian\/","name":"Marta Gmyrek-Kowalska | Sudski tuma\u010d hrvatskog i bugarskog jezika","description":"Kolejna witryna oparta na WordPressie","potentialAction":[{"@type":"SearchAction","target":{"@type":"EntryPoint","urlTemplate":"https:\/\/lingua-art.pl\/croatian\/?s={search_term_string}"},"query-input":{"@type":"PropertyValueSpecification","valueRequired":true,"valueName":"search_term_string"}}],"inLanguage":"hr"}]}},"_links":{"self":[{"href":"https:\/\/lingua-art.pl\/croatian\/wp-json\/wp\/v2\/pages\/35","targetHints":{"allow":["GET"]}}],"collection":[{"href":"https:\/\/lingua-art.pl\/croatian\/wp-json\/wp\/v2\/pages"}],"about":[{"href":"https:\/\/lingua-art.pl\/croatian\/wp-json\/wp\/v2\/types\/page"}],"author":[{"embeddable":true,"href":"https:\/\/lingua-art.pl\/croatian\/wp-json\/wp\/v2\/users\/1"}],"replies":[{"embeddable":true,"href":"https:\/\/lingua-art.pl\/croatian\/wp-json\/wp\/v2\/comments?post=35"}],"version-history":[{"count":2,"href":"https:\/\/lingua-art.pl\/croatian\/wp-json\/wp\/v2\/pages\/35\/revisions"}],"predecessor-version":[{"id":188,"href":"https:\/\/lingua-art.pl\/croatian\/wp-json\/wp\/v2\/pages\/35\/revisions\/188"}],"wp:attachment":[{"href":"https:\/\/lingua-art.pl\/croatian\/wp-json\/wp\/v2\/media?parent=35"}],"curies":[{"name":"wp","href":"https:\/\/api.w.org\/{rel}","templated":true}]}}